{"id":14,"date":"2024-02-06T10:32:52","date_gmt":"2024-02-06T10:32:52","guid":{"rendered":"http:\/\/echotools.cz\/?page_id=14"},"modified":"2024-03-29T18:32:37","modified_gmt":"2024-03-29T18:32:37","slug":"kontakty","status":"publish","type":"page","link":"http:\/\/echotools.cz\/en\/kontakty\/","title":{"rendered":"Contacts"},"content":{"rendered":"<p><strong>CEO:<\/strong> Ing. Lubo\u0161 Kroft, Ph.D.<\/p>\n\n\n\n<p><strong>Phone:<\/strong> +420 774 300\u00a0468<\/p>\n\n\n\n<p><strong>E-mail:<\/strong> lubos.kroft@echotools.cz<\/p>\n\n\n\n<p><strong>E-mail:<\/strong> info@echotools.cz<\/p>\n\n\n\n<p><strong>Business ID:<\/strong> 19973501<\/p>\n\n\n\n<p><strong>Address:<\/strong> Klatovsk\u00e1 t\u0159\u00edda 1460\/83, 30100 Plze\u0148<\/p>","protected":false},"excerpt":{"rendered":"<p>Jednatel: Ing. Lubo\u0161 Kroft, Ph.D. Telefon: +420 774 300\u00a0468 E-mail: lubos.kroft@echotools.cz E-mail: info@echotools.cz I\u010cO: 19973501 S\u00eddlo: Klatovsk\u00e1 t\u0159\u00edda 1460\/83, 30100 Plze\u0148<\/p>","protected":false},"author":1,"featured_media":0,"parent":0,"menu_order":0,"comment_status":"closed","ping_status":"closed","template":"","meta":{"footnotes":""},"class_list":["post-14","page","type-page","status-publish","hentry"],"_links":{"self":[{"href":"http:\/\/echotools.cz\/en\/wp-json\/wp\/v2\/pages\/14","targetHints":{"allow":["GET"]}}],"collection":[{"href":"http:\/\/echotools.cz\/en\/wp-json\/wp\/v2\/pages"}],"about":[{"href":"http:\/\/echotools.cz\/en\/wp-json\/wp\/v2\/types\/page"}],"author":[{"embeddable":true,"href":"http:\/\/echotools.cz\/en\/wp-json\/wp\/v2\/users\/1"}],"replies":[{"embeddable":true,"href":"http:\/\/echotools.cz\/en\/wp-json\/wp\/v2\/comments?post=14"}],"version-history":[{"count":2,"href":"http:\/\/echotools.cz\/en\/wp-json\/wp\/v2\/pages\/14\/revisions"}],"predecessor-version":[{"id":34,"href":"http:\/\/echotools.cz\/en\/wp-json\/wp\/v2\/pages\/14\/revisions\/34"}],"wp:attachment":[{"href":"http:\/\/echotools.cz\/en\/wp-json\/wp\/v2\/media?parent=14"}],"curies":[{"name":"wp","href":"https:\/\/api.w.org\/{rel}","templated":true}]}}